{"id":7377,"date":"2025-12-08T02:24:09","date_gmt":"2025-12-08T06:24:09","guid":{"rendered":"https:\/\/www.strategeum.com\/?page_id=7377"},"modified":"2025-12-08T02:38:37","modified_gmt":"2025-12-08T06:38:37","slug":"oumar-diallo-special-advisor-international-regulatory-environment","status":"publish","type":"page","link":"https:\/\/www.strategeum.com\/en\/who-where\/oumar-diallo-special-advisor-international-regulatory-environment\/","title":{"rendered":"Oumar Diallo \/ Special Advisor &#8211; International regulatory environment"},"content":{"rendered":"\t\t<div data-elementor-type=\"wp-page\" data-elementor-id=\"7377\" class=\"elementor elementor-7377 elementor-7371\" data-elementor-settings=\"[]\">\n\t\t\t\t\t\t<div class=\"elementor-inner\">\n\t\t\t\t\t\t\t<div class=\"elementor-section-wrap\">\n\t\t\t\t\t\t\t<section class=\"elementor-section elementor-top-section elementor-element elementor-element-1fd651b elementor-section-boxed elementor-section-height-default elementor-section-height-default\" data-id=\"1fd651b\" data-element_type=\"section\">\n\t\t\t\t\t\t<div class=\"elementor-container elementor-column-gap-default\">\n\t\t\t\t\t\t\t<div class=\"elementor-row\">\n\t\t\t\t\t<div class=\"elementor-column elementor-col-50 elementor-top-column elementor-element elementor-element-370119b\" data-id=\"370119b\" data-element_type=\"column\">\n\t\t\t<div class=\"elementor-column-wrap elementor-element-populated\">\n\t\t\t\t\t\t\t<div class=\"elementor-widget-wrap\">\n\t\t\t\t\t\t<div class=\"elementor-element elementor-element-1888de7 elementor-widget elementor-widget-text-editor\" data-id=\"1888de7\" data-element_type=\"widget\" data-widget_type=\"text-editor.default\">\n\t\t\t\t<div class=\"elementor-widget-container\">\n\t\t\t\t\t<div class=\"elementor-text-editor elementor-clearfix\"><p>Oumar Diallo is a recognized specialist in international regulatory affairs, with more than fifteen years of experience working with decision-makers in financial circles, international organizations, and government institutions. His expertise spans financial technology regulation, risk management, compliance, governance, government and international relations, as well as project and team management. He has held strategic responsibilities both in the public (including at the Quebec Financial Markets Authority [AMF] and the City of Montreal) and private sectors (via roles within &#8220;Big Four&#8221; firms, as well as corporate functions in large companies).<\/p><p>An experienced board director, he has served on the board of the Montreal Port Authority. His civic and professional leadership has been acknowledged through several distinctions, including his selection to the prestigious Millennium Fellowship of the Atlantic Council in Washington, D.C.<\/p><p>Oumar Diallo holds a bachelor\u2019s degree in Economics and Political Science from the University of Montreal, a postgraduate certificate from the Diplomatische Akademie Wien \u2013 Vienna School of International Studies, and an MPA from the \u00c9cole nationale d\u2019administration (\u00c9NA) of France. He is also a graduate of the Coll\u00e8ge des administrateurs de soci\u00e9t\u00e9s and holds the dual designation of ASC, and Chartered Director (C.Dir.) from the Directors College of the DeGroote School of Business at McMaster University. He is fluent in French, English, and German.<\/p><\/div>\n\t\t\t\t<\/div>\n\t\t\t\t<\/div>\n\t\t\t\t\t\t<\/div>\n\t\t\t\t\t<\/div>\n\t\t<\/div>\n\t\t\t\t<div class=\"elementor-column elementor-col-50 elementor-top-column elementor-element elementor-element-32599f1\" data-id=\"32599f1\" data-element_type=\"column\">\n\t\t\t<div class=\"elementor-column-wrap\">\n\t\t\t\t\t\t\t<div class=\"elementor-widget-wrap\">\n\t\t\t\t\t\t\t\t<\/div>\n\t\t\t\t\t<\/div>\n\t\t<\/div>\n\t\t\t\t\t\t\t\t<\/div>\n\t\t\t\t\t<\/div>\n\t\t<\/section>\n\t\t\t\t\t\t<\/div>\n\t\t\t\t\t\t<\/div>\n\t\t\t\t\t<\/div>\n\t\t","protected":false},"excerpt":{"rendered":"<p>Oumar Diallo is a recognized specialist in international regulatory affairs, with more than fifteen years of experience working with decision-makers in financial circles, international organizations, and government institutions. His expertise spans financial technology regulation, risk management, compliance, governance, government and international relations, as well as project and team management. He has held strategic responsibilities both [&hellip;]<\/p>\n","protected":false},"author":1,"featured_media":6442,"parent":157,"menu_order":0,"comment_status":"closed","ping_status":"closed","template":"","meta":[],"yoast_head":"<!-- This site is optimized with the Yoast SEO plugin v15.2 - https:\/\/yoast.com\/wordpress\/plugins\/seo\/ -->\n<meta name=\"description\" content=\"Biography of Oumar Diallo, Special Advisor - International regulatory environment for STRATEGEUM.\" \/>\n<meta name=\"robots\" content=\"index, follow, max-snippet:-1, max-image-preview:large, max-video-preview:-1\" \/>\n<link rel=\"canonical\" href=\"https:\/\/www.strategeum.com\/en\/who-where\/oumar-diallo-special-advisor-international-regulatory-environment\/\" \/>\n<meta property=\"og:locale\" content=\"en_US\" \/>\n<meta property=\"og:type\" content=\"article\" \/>\n<meta property=\"og:title\" content=\"Oumar Diallo \/ Special Advisor - International regulatory environment | STRATEGEUM\" \/>\n<meta property=\"og:description\" content=\"Biography of Oumar Diallo, Special Advisor - International regulatory environment for STRATEGEUM.\" \/>\n<meta property=\"og:url\" content=\"https:\/\/www.strategeum.com\/en\/who-where\/oumar-diallo-special-advisor-international-regulatory-environment\/\" \/>\n<meta property=\"og:site_name\" content=\"STRATEGEUM\" \/>\n<meta property=\"article:modified_time\" content=\"2025-12-08T06:38:37+00:00\" \/>\n<meta name=\"twitter:label1\" value=\"Written by\">\n\t<meta name=\"twitter:data1\" value=\"STRATEGEUM\">\n\t<meta name=\"twitter:label2\" value=\"Est. reading time\">\n\t<meta name=\"twitter:data2\" value=\"1 minute\">\n<script type=\"application\/ld+json\" class=\"yoast-schema-graph\">{\"@context\":\"https:\/\/schema.org\",\"@graph\":[{\"@type\":\"WebSite\",\"@id\":\"https:\/\/www.strategeum.com\/#website\",\"url\":\"https:\/\/www.strategeum.com\/\",\"name\":\"STRATEGEUM\",\"description\":\"Conseillers en strat\\u00e9gie\",\"potentialAction\":[{\"@type\":\"SearchAction\",\"target\":\"https:\/\/www.strategeum.com\/?s={search_term_string}\",\"query-input\":\"required name=search_term_string\"}],\"inLanguage\":\"en-US\"},{\"@type\":\"ImageObject\",\"@id\":\"https:\/\/www.strategeum.com\/en\/who-where\/oumar-diallo-special-advisor-international-regulatory-environment\/#primaryimage\",\"inLanguage\":\"en-US\",\"url\":\"https:\/\/www.strategeum.com\/wp-content\/uploads\/2020\/10\/logo-strategeum-srvb-tiny-1080x1080px.jpg\",\"width\":1080,\"height\":1080},{\"@type\":\"WebPage\",\"@id\":\"https:\/\/www.strategeum.com\/en\/who-where\/oumar-diallo-special-advisor-international-regulatory-environment\/#webpage\",\"url\":\"https:\/\/www.strategeum.com\/en\/who-where\/oumar-diallo-special-advisor-international-regulatory-environment\/\",\"name\":\"Oumar Diallo \/ Special Advisor - International regulatory environment | STRATEGEUM\",\"isPartOf\":{\"@id\":\"https:\/\/www.strategeum.com\/#website\"},\"primaryImageOfPage\":{\"@id\":\"https:\/\/www.strategeum.com\/en\/who-where\/oumar-diallo-special-advisor-international-regulatory-environment\/#primaryimage\"},\"datePublished\":\"2025-12-08T06:24:09+00:00\",\"dateModified\":\"2025-12-08T06:38:37+00:00\",\"description\":\"Biography of Oumar Diallo, Special Advisor - International regulatory environment for STRATEGEUM.\",\"inLanguage\":\"en-US\",\"potentialAction\":[{\"@type\":\"ReadAction\",\"target\":[\"https:\/\/www.strategeum.com\/en\/who-where\/oumar-diallo-special-advisor-international-regulatory-environment\/\"]}]}]}<\/script>\n<!-- \/ Yoast SEO plugin. -->","_links":{"self":[{"href":"https:\/\/www.strategeum.com\/en\/wp-json\/wp\/v2\/pages\/7377"}],"collection":[{"href":"https:\/\/www.strategeum.com\/en\/wp-json\/wp\/v2\/pages"}],"about":[{"href":"https:\/\/www.strategeum.com\/en\/wp-json\/wp\/v2\/types\/page"}],"author":[{"embeddable":true,"href":"https:\/\/www.strategeum.com\/en\/wp-json\/wp\/v2\/users\/1"}],"replies":[{"embeddable":true,"href":"https:\/\/www.strategeum.com\/en\/wp-json\/wp\/v2\/comments?post=7377"}],"version-history":[{"count":3,"href":"https:\/\/www.strategeum.com\/en\/wp-json\/wp\/v2\/pages\/7377\/revisions"}],"predecessor-version":[{"id":7386,"href":"https:\/\/www.strategeum.com\/en\/wp-json\/wp\/v2\/pages\/7377\/revisions\/7386"}],"up":[{"embeddable":true,"href":"https:\/\/www.strategeum.com\/en\/wp-json\/wp\/v2\/pages\/157"}],"wp:featuredmedia":[{"embeddable":true,"href":"https:\/\/www.strategeum.com\/en\/wp-json\/wp\/v2\/media\/6442"}],"wp:attachment":[{"href":"https:\/\/www.strategeum.com\/en\/wp-json\/wp\/v2\/media?parent=7377"}],"curies":[{"name":"wp","href":"https:\/\/api.w.org\/{rel}","templated":true}]}}